{"id":13730,"date":"2020-09-17T13:00:18","date_gmt":"2020-09-17T11:00:18","guid":{"rendered":"https:\/\/www.gutgremmelin.de\/impressum\/"},"modified":"2023-03-09T14:23:05","modified_gmt":"2023-03-09T13:23:05","slug":"imprint","status":"publish","type":"page","link":"https:\/\/www.gutgremmelin.de\/en\/imprint\/","title":{"rendered":"Imprint"},"content":{"rendered":"<div id='av_section_1'  class='avia-section main_color avia-section-no-padding avia-no-border-styling  avia-full-stretch av-section-color-overlay-active avia-bg-style-scroll  avia-builder-el-0  el_before_av_section  avia-builder-el-first   av-minimum-height av-minimum-height-100  container_wrap fullsize' style='background-repeat: no-repeat; background-image: url(https:\/\/www.gutgremmelin.de\/wp-content\/uploads\/2022\/01\/Gut-Gremmelin_Aussenbereich_See_Seeblick-mit-Baum.jpg);background-attachment: scroll; background-position: center center;  '  data-section-bg-repeat='stretch' data-av_minimum_height_pc='100'><div class='av-section-color-overlay-wrap'><div class='av-section-color-overlay' style='opacity: 0.4; background-color: #57585a; '><\/div><div class='container' ><main  role=\"main\" itemprop=\"mainContentOfPage\"  class='template-page content  av-content-full alpha units'><div class='post-entry post-entry-type-page post-entry-13730'><div class='entry-content-wrapper clearfix'>\n<div class=\"flex_column av_one_fifth  av-hide-on-mobile  flex_column_div av-zero-column-padding first  avia-builder-el-1  el_before_av_three_fifth  avia-builder-el-first  \" style='border-radius:0px; '><\/div><div class=\"flex_column av_three_fifth  flex_column_div av-zero-column-padding   avia-builder-el-2  el_after_av_one_fifth  el_before_av_one_fifth  \" style='border-radius:0px; '><p><div  class='avia-image-container  av-styling-    avia-builder-el-3  el_before_av_heading  avia-builder-el-first  avia-align-center '  itemprop=\"image\" itemscope=\"itemscope\" itemtype=\"https:\/\/schema.org\/ImageObject\"  ><div class='avia-image-container-inner'><div class='avia-image-overlay-wrap'><img decoding=\"async\" class='wp-image-13110 avia-img-lazy-loading-not-13110 avia_image' src=\"https:\/\/www.gutgremmelin.de\/wp-content\/uploads\/2021\/07\/gg_logo_weiss.png\" alt='' title='gg_logo_weiss' height=\"139\" width=\"500\"  itemprop=\"thumbnailUrl\" srcset=\"https:\/\/www.gutgremmelin.de\/wp-content\/uploads\/2021\/07\/gg_logo_weiss.png 500w, https:\/\/www.gutgremmelin.de\/wp-content\/uploads\/2021\/07\/gg_logo_weiss-300x83.png 300w, https:\/\/www.gutgremmelin.de\/wp-content\/uploads\/2021\/07\/gg_logo_weiss-495x139.png 495w\" sizes=\"(max-width: 500px) 100vw, 500px\" \/><\/div><\/div><\/div><br \/>\n<div  style='padding-bottom:1px; color:#ffffff;' class='av-special-heading av-special-heading-h1 custom-color-heading blockquote modern-quote modern-centered  avia-builder-el-4  el_after_av_image  avia-builder-el-last  '><h1 class='av-special-heading-tag '  itemprop=\"headline\"  >Imprint<\/h1><div class='special-heading-border'><div class='special-heading-inner-border' style='border-color:#ffffff'><\/div><\/div><\/div><\/p><\/div><div class=\"flex_column av_one_fifth  flex_column_div av-zero-column-padding   avia-builder-el-5  el_after_av_three_fifth  avia-builder-el-last  \" style='border-radius:0px; '><\/div>\n\n<\/div><\/div><\/main><!-- close content main element --><\/div><\/div><\/div><div id='bookingsection'  class='avia-section main_color avia-section-default avia-no-border-styling  avia-bg-style-scroll  avia-builder-el-6  el_after_av_section  el_before_av_section   container_wrap fullsize' style=' '  ><div class='container' ><div class='template-page content  av-content-full alpha units'><div class='post-entry post-entry-type-page post-entry-13730'><div class='entry-content-wrapper clearfix'>\n\n\n<\/div><\/div><\/div><!-- close content main div --><\/div><\/div><div id='hotel'  class='avia-section main_color avia-section-default avia-no-border-styling  avia-bg-style-scroll  avia-builder-el-8  el_after_av_section  avia-builder-el-last   av-minimum-height av-minimum-height-50  container_wrap fullsize' style=' '   data-av_minimum_height_pc='50'><div class='container' ><div class='template-page content  av-content-full alpha units'><div class='post-entry post-entry-type-page post-entry-13730'><div class='entry-content-wrapper clearfix'>\n<div class=\"flex_column av_one_fifth  flex_column_div av-zero-column-padding first  avia-builder-el-9  el_before_av_three_fifth  avia-builder-el-first  \" style='border-radius:0px; '><\/div><div class=\"flex_column av_three_fifth  flex_column_div   avia-builder-el-10  el_after_av_one_fifth  el_before_av_one_fifth  watermark \" style='padding:50px 0px 50px 0px ; border-radius:0px; '><section class=\"av_textblock_section \"  itemscope=\"itemscope\" itemtype=\"https:\/\/schema.org\/CreativeWork\" ><div class='avia_textblock  '   itemprop=\"text\" ><p style=\"text-align: center;\"><strong>As a service for guests on our website we present basic information in English. The imprint listed in German below is legally binding.<\/strong><\/p>\n<p style=\"text-align: center;\">Gut Gremmelin Betriebsgesellschaft mbH<br \/>\nAm Hofsee 33<br \/>\n18279 Gremmelin<\/p>\n<p style=\"text-align: center;\">Telefon: 038452 &#8211; 51 10<\/p>\n<p style=\"text-align: center;\">eMail \u00fcber unser Kontakt Formular<br \/>\noder <a href=\"mailto:info@gutgremmelin.de\">info@gutgremmelin.de<\/a><br \/>\nInternet: www.gutgremmelin.de<\/p>\n<p style=\"text-align: center;\">Gut Gremmelin Betriebsgesellschaft mbH<br \/>\nGesch\u00e4ftf\u00fchrer: Katrin Lange<br \/>\nGesellschafter: Katrin Lange<\/p>\n<p style=\"text-align: center;\">HRB: 14989<br \/>\nSteuernummer: 086\/109\/04530<\/p>\n<p style=\"text-align: center;\"><strong>Haftungshinweis:<\/strong><br \/>\nTrotz sorgf\u00e4ltiger inhaltlicher Kontrolle \u00fcbernehmen wir keine Haftung f\u00fcr die Inhalte externer Links. F\u00fcr den Inhalt der verlinkten Seiten sind ausschlie\u00dflich deren Betreiber verantwortlich.<\/p>\n<p style=\"text-align: center;\"><strong>Fotonachweis:<\/strong><br \/>\nHoteleigne Fotos, Fotograf Andr\u00e9 Hamann<br \/>\nFotoagenturen wie Fotolia<\/p>\n<\/div><\/section><\/div><div class=\"flex_column av_one_fifth  flex_column_div av-zero-column-padding   avia-builder-el-12  el_after_av_three_fifth  avia-builder-el-last  \" style='border-radius:0px; '><\/div>\n","protected":false},"excerpt":{"rendered":"","protected":false},"author":9,"featured_media":0,"parent":0,"menu_order":0,"comment_status":"closed","ping_status":"closed","template":"","meta":{"footnotes":""},"class_list":["post-13730","page","type-page","status-publish","hentry"],"yoast_head":"<!-- This site is optimized with the Yoast SEO plugin v27.4 - https:\/\/yoast.com\/product\/yoast-seo-wordpress\/ -->\n<title>Imprint - Gut Gremmelin<\/title>\n<meta name=\"description\" content=\"Texts, images and graphics including their arrangement on the website are subject to copyright protection and other protective laws. They may be used in whole or in part only for personal, non-commercial use.\" \/>\n<meta name=\"robots\" content=\"index, follow, max-snippet:-1, max-image-preview:large, max-video-preview:-1\" \/>\n<link rel=\"canonical\" href=\"https:\/\/www.gutgremmelin.de\/en\/imprint\/\" \/>\n<meta property=\"og:locale\" content=\"en_US\" \/>\n<meta property=\"og:type\" content=\"article\" \/>\n<meta property=\"og:title\" content=\"Imprint - Gut Gremmelin\" \/>\n<meta property=\"og:description\" content=\"Texts, images and graphics including their arrangement on the website are subject to copyright protection and other protective laws. They may be used in whole or in part only for personal, non-commercial use.\" \/>\n<meta property=\"og:url\" content=\"https:\/\/www.gutgremmelin.de\/en\/imprint\/\" \/>\n<meta property=\"og:site_name\" content=\"Gut Gremmelin\" \/>\n<meta property=\"article:publisher\" content=\"https:\/\/www.facebook.com\/gutgremmelinamsee\/\" \/>\n<meta property=\"article:modified_time\" content=\"2023-03-09T13:23:05+00:00\" \/>\n<meta property=\"og:image\" content=\"https:\/\/www.gutgremmelin.de\/wp-content\/uploads\/2022\/01\/Gut-Gremmelin_Aussenansichten_Gutshaus-und-Rosenbeet-frontal.jpg\" \/>\n\t<meta property=\"og:image:width\" content=\"1200\" \/>\n\t<meta property=\"og:image:height\" content=\"800\" \/>\n\t<meta property=\"og:image:type\" content=\"image\/jpeg\" \/>\n<meta name=\"twitter:card\" content=\"summary_large_image\" \/>\n<meta name=\"twitter:title\" content=\"Imprint - Gut Gremmelin\" \/>\n<meta name=\"twitter:description\" content=\"Texts, images and graphics including their arrangement on the website are subject to copyright protection and other protective laws. They may be used in whole or in part only for personal, non-commercial use.\" \/>\n<meta name=\"twitter:label1\" content=\"Est. reading time\" \/>\n\t<meta name=\"twitter:data1\" content=\"3 minutes\" \/>\n<script type=\"application\/ld+json\" class=\"yoast-schema-graph\">{\"@context\":\"https:\\\/\\\/schema.org\",\"@graph\":[{\"@type\":\"WebPage\",\"@id\":\"https:\\\/\\\/www.gutgremmelin.de\\\/en\\\/imprint\\\/\",\"url\":\"https:\\\/\\\/www.gutgremmelin.de\\\/en\\\/imprint\\\/\",\"name\":\"Imprint - Gut Gremmelin\",\"isPartOf\":{\"@id\":\"\\\/#website\"},\"datePublished\":\"2020-09-17T11:00:18+00:00\",\"dateModified\":\"2023-03-09T13:23:05+00:00\",\"description\":\"Texts, images and graphics including their arrangement on the website are subject to copyright protection and other protective laws. They may be used in whole or in part only for personal, non-commercial use.\",\"breadcrumb\":{\"@id\":\"https:\\\/\\\/www.gutgremmelin.de\\\/en\\\/imprint\\\/#breadcrumb\"},\"inLanguage\":\"en-US\",\"potentialAction\":[{\"@type\":\"ReadAction\",\"target\":[\"https:\\\/\\\/www.gutgremmelin.de\\\/en\\\/imprint\\\/\"]}]},{\"@type\":\"BreadcrumbList\",\"@id\":\"https:\\\/\\\/www.gutgremmelin.de\\\/en\\\/imprint\\\/#breadcrumb\",\"itemListElement\":[{\"@type\":\"ListItem\",\"position\":1,\"name\":\"Startseite\",\"item\":\"https:\\\/\\\/www.gutgremmelin.de\\\/en\\\/\"},{\"@type\":\"ListItem\",\"position\":2,\"name\":\"Imprint\"}]},{\"@type\":\"WebSite\",\"@id\":\"\\\/#website\",\"url\":\"\\\/\",\"name\":\"Gut Gremmelin\",\"description\":\"Ihr Hotel am Rand der Mecklenburgischen Seenplatte\",\"publisher\":{\"@id\":\"\\\/#organization\"},\"potentialAction\":[{\"@type\":\"SearchAction\",\"target\":{\"@type\":\"EntryPoint\",\"urlTemplate\":\"\\\/?s={search_term_string}\"},\"query-input\":{\"@type\":\"PropertyValueSpecification\",\"valueRequired\":true,\"valueName\":\"search_term_string\"}}],\"inLanguage\":\"en-US\"},{\"@type\":\"Organization\",\"@id\":\"\\\/#organization\",\"name\":\"Gut Gremmelin\",\"url\":\"\\\/\",\"logo\":{\"@type\":\"ImageObject\",\"inLanguage\":\"en-US\",\"@id\":\"\\\/#\\\/schema\\\/logo\\\/image\\\/\",\"url\":\"https:\\\/\\\/www.gutgremmelin.de\\\/wp-content\\\/uploads\\\/2021\\\/05\\\/gg_logo_gruen_60.100_transparent.png\",\"contentUrl\":\"https:\\\/\\\/www.gutgremmelin.de\\\/wp-content\\\/uploads\\\/2021\\\/05\\\/gg_logo_gruen_60.100_transparent.png\",\"width\":500,\"height\":139,\"caption\":\"Gut Gremmelin\"},\"image\":{\"@id\":\"\\\/#\\\/schema\\\/logo\\\/image\\\/\"},\"sameAs\":[\"https:\\\/\\\/www.facebook.com\\\/gutgremmelinamsee\\\/\",\"https:\\\/\\\/www.instagram.com\\\/gut_gremmelin\\\/\"]}]}<\/script>\n<!-- \/ Yoast SEO plugin. -->","yoast_head_json":{"title":"Imprint - Gut Gremmelin","description":"Texts, images and graphics including their arrangement on the website are subject to copyright protection and other protective laws. They may be used in whole or in part only for personal, non-commercial use.","robots":{"index":"index","follow":"follow","max-snippet":"max-snippet:-1","max-image-preview":"max-image-preview:large","max-video-preview":"max-video-preview:-1"},"canonical":"https:\/\/www.gutgremmelin.de\/en\/imprint\/","og_locale":"en_US","og_type":"article","og_title":"Imprint - Gut Gremmelin","og_description":"Texts, images and graphics including their arrangement on the website are subject to copyright protection and other protective laws. They may be used in whole or in part only for personal, non-commercial use.","og_url":"https:\/\/www.gutgremmelin.de\/en\/imprint\/","og_site_name":"Gut Gremmelin","article_publisher":"https:\/\/www.facebook.com\/gutgremmelinamsee\/","article_modified_time":"2023-03-09T13:23:05+00:00","og_image":[{"width":1200,"height":800,"url":"https:\/\/www.gutgremmelin.de\/wp-content\/uploads\/2022\/01\/Gut-Gremmelin_Aussenansichten_Gutshaus-und-Rosenbeet-frontal.jpg","type":"image\/jpeg"}],"twitter_card":"summary_large_image","twitter_title":"Imprint - Gut Gremmelin","twitter_description":"Texts, images and graphics including their arrangement on the website are subject to copyright protection and other protective laws. They may be used in whole or in part only for personal, non-commercial use.","twitter_misc":{"Est. reading time":"3 minutes"},"schema":{"@context":"https:\/\/schema.org","@graph":[{"@type":"WebPage","@id":"https:\/\/www.gutgremmelin.de\/en\/imprint\/","url":"https:\/\/www.gutgremmelin.de\/en\/imprint\/","name":"Imprint - Gut Gremmelin","isPartOf":{"@id":"\/#website"},"datePublished":"2020-09-17T11:00:18+00:00","dateModified":"2023-03-09T13:23:05+00:00","description":"Texts, images and graphics including their arrangement on the website are subject to copyright protection and other protective laws. They may be used in whole or in part only for personal, non-commercial use.","breadcrumb":{"@id":"https:\/\/www.gutgremmelin.de\/en\/imprint\/#breadcrumb"},"inLanguage":"en-US","potentialAction":[{"@type":"ReadAction","target":["https:\/\/www.gutgremmelin.de\/en\/imprint\/"]}]},{"@type":"BreadcrumbList","@id":"https:\/\/www.gutgremmelin.de\/en\/imprint\/#breadcrumb","itemListElement":[{"@type":"ListItem","position":1,"name":"Startseite","item":"https:\/\/www.gutgremmelin.de\/en\/"},{"@type":"ListItem","position":2,"name":"Imprint"}]},{"@type":"WebSite","@id":"\/#website","url":"\/","name":"Gut Gremmelin","description":"Ihr Hotel am Rand der Mecklenburgischen Seenplatte","publisher":{"@id":"\/#organization"},"potentialAction":[{"@type":"SearchAction","target":{"@type":"EntryPoint","urlTemplate":"\/?s={search_term_string}"},"query-input":{"@type":"PropertyValueSpecification","valueRequired":true,"valueName":"search_term_string"}}],"inLanguage":"en-US"},{"@type":"Organization","@id":"\/#organization","name":"Gut Gremmelin","url":"\/","logo":{"@type":"ImageObject","inLanguage":"en-US","@id":"\/#\/schema\/logo\/image\/","url":"https:\/\/www.gutgremmelin.de\/wp-content\/uploads\/2021\/05\/gg_logo_gruen_60.100_transparent.png","contentUrl":"https:\/\/www.gutgremmelin.de\/wp-content\/uploads\/2021\/05\/gg_logo_gruen_60.100_transparent.png","width":500,"height":139,"caption":"Gut Gremmelin"},"image":{"@id":"\/#\/schema\/logo\/image\/"},"sameAs":["https:\/\/www.facebook.com\/gutgremmelinamsee\/","https:\/\/www.instagram.com\/gut_gremmelin\/"]}]}},"_links":{"self":[{"href":"https:\/\/www.gutgremmelin.de\/en\/wp-json\/wp\/v2\/pages\/13730","targetHints":{"allow":["GET"]}}],"collection":[{"href":"https:\/\/www.gutgremmelin.de\/en\/wp-json\/wp\/v2\/pages"}],"about":[{"href":"https:\/\/www.gutgremmelin.de\/en\/wp-json\/wp\/v2\/types\/page"}],"author":[{"embeddable":true,"href":"https:\/\/www.gutgremmelin.de\/en\/wp-json\/wp\/v2\/users\/9"}],"replies":[{"embeddable":true,"href":"https:\/\/www.gutgremmelin.de\/en\/wp-json\/wp\/v2\/comments?post=13730"}],"version-history":[{"count":5,"href":"https:\/\/www.gutgremmelin.de\/en\/wp-json\/wp\/v2\/pages\/13730\/revisions"}],"predecessor-version":[{"id":15182,"href":"https:\/\/www.gutgremmelin.de\/en\/wp-json\/wp\/v2\/pages\/13730\/revisions\/15182"}],"wp:attachment":[{"href":"https:\/\/www.gutgremmelin.de\/en\/wp-json\/wp\/v2\/media?parent=13730"}],"curies":[{"name":"wp","href":"https:\/\/api.w.org\/{rel}","templated":true}]}}